{"id":16,"date":"2024-02-07T16:56:49","date_gmt":"2024-02-07T13:56:49","guid":{"rendered":"https:\/\/suatliman.com\/?page_id=16"},"modified":"2025-01-24T15:07:35","modified_gmt":"2025-01-24T12:07:35","slug":"hakkimizda","status":"publish","type":"page","link":"https:\/\/suatliman.com\/index.php\/hakkimizda\/","title":{"rendered":"Hakk\u0131m\u0131zda"},"content":{"rendered":"\t\t<div data-elementor-type=\"wp-page\" data-elementor-id=\"16\" class=\"elementor elementor-16\">\n\t\t\t\t\t\t<section class=\"elementor-section elementor-top-section elementor-element elementor-element-51656456 elementor-section-boxed elementor-section-height-default elementor-section-height-default\" data-id=\"51656456\" data-element_type=\"section\">\n\t\t\t\t\t\t<div class=\"elementor-container elementor-column-gap-no\">\n\t\t\t\t\t<div class=\"elementor-column elementor-col-50 elementor-top-column elementor-element elementor-element-5b82f179 elementor-invisible\" data-id=\"5b82f179\" data-element_type=\"column\" data-settings=\"{&quot;background_background&quot;:&quot;classic&quot;,&quot;animation&quot;:&quot;fadeIn&quot;,&quot;animation_delay&quot;:&quot;800&quot;}\">\n\t\t\t<div class=\"elementor-widget-wrap elementor-element-populated\">\n\t\t\t\t\t<div class=\"elementor-background-overlay\"><\/div>\n\t\t\t\t\t\t<div class=\"elementor-element elementor-element-8ea82c3 elementor-widget elementor-widget-heading\" data-id=\"8ea82c3\" data-element_type=\"widget\" data-widget_type=\"heading.default\">\n\t\t\t\t<div class=\"elementor-widget-container\">\n\t\t\t\t\t<h3 class=\"elementor-heading-title elementor-size-default\">36+ Y\u0131ll\u0131k Deneyim<\/h3>\t\t\t\t<\/div>\n\t\t\t\t<\/div>\n\t\t\t\t\t<\/div>\n\t\t<\/div>\n\t\t\t\t<div class=\"elementor-column elementor-col-50 elementor-top-column elementor-element elementor-element-58e336ad\" data-id=\"58e336ad\" data-element_type=\"column\">\n\t\t\t<div class=\"elementor-widget-wrap elementor-element-populated\">\n\t\t\t\t\t\t<div class=\"elementor-element elementor-element-46b161c2 elementor-invisible elementor-widget elementor-widget-heading\" data-id=\"46b161c2\" data-element_type=\"widget\" data-settings=\"{&quot;_animation&quot;:&quot;fadeInUp&quot;,&quot;_animation_delay&quot;:&quot;700&quot;}\" data-widget_type=\"heading.default\">\n\t\t\t\t<div class=\"elementor-widget-container\">\n\t\t\t\t\t<h2 class=\"elementor-heading-title elementor-size-default\">Suat Liman Avukatl\u0131k B\u00fcrosu<\/h2>\t\t\t\t<\/div>\n\t\t\t\t<\/div>\n\t\t\t\t<div class=\"elementor-element elementor-element-51decd6d elementor-invisible elementor-widget elementor-widget-text-editor\" data-id=\"51decd6d\" data-element_type=\"widget\" data-settings=\"{&quot;_animation&quot;:&quot;fadeInUp&quot;,&quot;_animation_delay&quot;:&quot;800&quot;}\" data-widget_type=\"text-editor.default\">\n\t\t\t\t<div class=\"elementor-widget-container\">\n\t\t\t\t\t\t\t\t\t<p>1989 y\u0131l\u0131nda Avukat Suat Liman taraf\u0131ndan kurulan Suat Liman Hukuk B\u00fcrosu, alan\u0131nda uzman avukatlardan olu\u015fan g\u00fc\u00e7l\u00fc kadrosuyla bireylere ve \u015firketlere kapsaml\u0131 avukatl\u0131k ve hukuki dan\u0131\u015fmanl\u0131k hizmetleri sunmaktad\u0131r. Hukukun farkl\u0131 alanlar\u0131ndaki uzmanl\u0131klar\u0131m\u0131z ve \u00e7\u00f6z\u00fcm odakl\u0131 yakla\u015f\u0131m\u0131m\u0131zla, m\u00fcvekkillerimizin haklar\u0131n\u0131 en \u00fcst d\u00fczeyde korumay\u0131 ama\u00e7l\u0131yoruz.<\/p><p><strong>Vizyonumuz<\/strong><br \/>Hukukun \u00fcst\u00fcnl\u00fc\u011f\u00fcn\u00fc ilke edinerek, ulusal ve uluslararas\u0131 d\u00fczeyde g\u00fcvenilir, yenilik\u00e7i ve \u00e7\u00f6z\u00fcm odakl\u0131 bir hukuk b\u00fcrosu olarak tan\u0131nmak.<\/p><p><strong>Misyonumuz<\/strong><br \/>M\u00fcvekkillerimize h\u0131zl\u0131, etkili ve sonu\u00e7 odakl\u0131 hukuki hizmet sunarken, etik de\u011ferlere ve profesyonellik anlay\u0131\u015f\u0131na ba\u011fl\u0131 kalmak. Hukukun her alan\u0131nda bireysel ve kurumsal haklar\u0131n korunmas\u0131n\u0131 sa\u011flamay\u0131 bir sorumluluk olarak g\u00f6rmek.<\/p><p><strong>Mottomuz<\/strong><br \/><em>&#8220;Adalet i\u00e7in, uzmanl\u0131k ve g\u00fcvenle yan\u0131n\u0131zday\u0131z.&#8221;<\/em><\/p>\t\t\t\t\t\t\t\t<\/div>\n\t\t\t\t<\/div>\n\t\t\t\t<section class=\"elementor-section elementor-inner-section elementor-element elementor-element-74500bb8 elementor-section-boxed elementor-section-height-default elementor-section-height-default\" data-id=\"74500bb8\" data-element_type=\"section\">\n\t\t\t\t\t\t<div class=\"elementor-container elementor-column-gap-no\">\n\t\t\t\t\t<div class=\"elementor-column elementor-col-33 elementor-inner-column elementor-element elementor-element-7775e93f elementor-invisible\" data-id=\"7775e93f\" data-element_type=\"column\" data-settings=\"{&quot;animation&quot;:&quot;fadeInUp&quot;,&quot;animation_delay&quot;:&quot;500&quot;}\">\n\t\t\t<div class=\"elementor-widget-wrap elementor-element-populated\">\n\t\t\t\t\t\t<div class=\"elementor-element elementor-element-f38c9b9 elementor-view-default elementor-position-top elementor-mobile-position-top elementor-invisible elementor-widget elementor-widget-icon-box\" data-id=\"f38c9b9\" data-element_type=\"widget\" data-settings=\"{&quot;_animation&quot;:&quot;fadeInUp&quot;,&quot;_animation_delay&quot;:&quot;500&quot;}\" data-widget_type=\"icon-box.default\">\n\t\t\t\t<div class=\"elementor-widget-container\">\n\t\t\t\t\t\t\t<div class=\"elementor-icon-box-wrapper\">\n\n\t\t\t\t\t\t<div class=\"elementor-icon-box-icon\">\n\t\t\t\t<span  class=\"elementor-icon\">\n\t\t\t\t<i aria-hidden=\"true\" class=\"icon icon-money-bag2\"><\/i>\t\t\t\t<\/span>\n\t\t\t<\/div>\n\t\t\t\n\t\t\t\t\t\t<div class=\"elementor-icon-box-content\">\n\n\t\t\t\t\t\t\t\t\t<h6 class=\"elementor-icon-box-title\">\n\t\t\t\t\t\t<span  >\n\t\t\t\t\t\t\t\u0130cra Daireleri\t\t\t\t\t\t<\/span>\n\t\t\t\t\t<\/h6>\n\t\t\t\t\n\t\t\t\t\t\t\t\t\t<p class=\"elementor-icon-box-description\">\n\t\t\t\t\t\t\u0130cra Daireleri \u0130\u015flemleri , Bor\u00e7 Alacak i\u015flemlerine ait Mali Konular\t\t\t\t\t<\/p>\n\t\t\t\t\n\t\t\t<\/div>\n\t\t\t\n\t\t<\/div>\n\t\t\t\t\t\t<\/div>\n\t\t\t\t<\/div>\n\t\t\t\t\t<\/div>\n\t\t<\/div>\n\t\t\t\t<div class=\"elementor-column elementor-col-33 elementor-inner-column elementor-element elementor-element-372dde28 elementor-invisible\" data-id=\"372dde28\" data-element_type=\"column\" data-settings=\"{&quot;animation&quot;:&quot;fadeInUp&quot;,&quot;animation_delay&quot;:&quot;600&quot;}\">\n\t\t\t<div class=\"elementor-widget-wrap elementor-element-populated\">\n\t\t\t\t\t\t<div class=\"elementor-element elementor-element-02fa062 elementor-view-default elementor-position-top elementor-mobile-position-top elementor-invisible elementor-widget elementor-widget-icon-box\" data-id=\"02fa062\" data-element_type=\"widget\" data-settings=\"{&quot;_animation&quot;:&quot;fadeInUp&quot;,&quot;_animation_delay&quot;:&quot;500&quot;}\" data-widget_type=\"icon-box.default\">\n\t\t\t\t<div class=\"elementor-widget-container\">\n\t\t\t\t\t\t\t<div class=\"elementor-icon-box-wrapper\">\n\n\t\t\t\t\t\t<div class=\"elementor-icon-box-icon\">\n\t\t\t\t<span  class=\"elementor-icon\">\n\t\t\t\t<i aria-hidden=\"true\" class=\"icon icon-justice-1\"><\/i>\t\t\t\t<\/span>\n\t\t\t<\/div>\n\t\t\t\n\t\t\t\t\t\t<div class=\"elementor-icon-box-content\">\n\n\t\t\t\t\t\t\t\t\t<h6 class=\"elementor-icon-box-title\">\n\t\t\t\t\t\t<span  >\n\t\t\t\t\t\t\tAsliye Ceza & Hukuk\t\t\t\t\t\t<\/span>\n\t\t\t\t\t<\/h6>\n\t\t\t\t\n\t\t\t\t\t\t\t\t\t<p class=\"elementor-icon-box-description\">\n\t\t\t\t\t\tAsliye Ceza Muhakemeleri ve Asliye Hukuk Muhakemeleri Davalar\u0131\t\t\t\t\t<\/p>\n\t\t\t\t\n\t\t\t<\/div>\n\t\t\t\n\t\t<\/div>\n\t\t\t\t\t\t<\/div>\n\t\t\t\t<\/div>\n\t\t\t\t\t<\/div>\n\t\t<\/div>\n\t\t\t\t<div class=\"elementor-column elementor-col-33 elementor-inner-column elementor-element elementor-element-6ca71cd1 elementor-invisible\" data-id=\"6ca71cd1\" data-element_type=\"column\" data-settings=\"{&quot;animation&quot;:&quot;fadeInUp&quot;,&quot;animation_delay&quot;:&quot;700&quot;}\">\n\t\t\t<div class=\"elementor-widget-wrap elementor-element-populated\">\n\t\t\t\t\t\t<div class=\"elementor-element elementor-element-54de3c1 elementor-view-default elementor-position-top elementor-mobile-position-top elementor-invisible elementor-widget elementor-widget-icon-box\" data-id=\"54de3c1\" data-element_type=\"widget\" data-settings=\"{&quot;_animation&quot;:&quot;fadeInUp&quot;,&quot;_animation_delay&quot;:&quot;500&quot;}\" data-widget_type=\"icon-box.default\">\n\t\t\t\t<div class=\"elementor-widget-container\">\n\t\t\t\t\t\t\t<div class=\"elementor-icon-box-wrapper\">\n\n\t\t\t\t\t\t<div class=\"elementor-icon-box-icon\">\n\t\t\t\t<span  class=\"elementor-icon\">\n\t\t\t\t<i aria-hidden=\"true\" class=\"icon icon-hammer\"><\/i>\t\t\t\t<\/span>\n\t\t\t<\/div>\n\t\t\t\n\t\t\t\t\t\t<div class=\"elementor-icon-box-content\">\n\n\t\t\t\t\t\t\t\t\t<h6 class=\"elementor-icon-box-title\">\n\t\t\t\t\t\t<span  >\n\t\t\t\t\t\t\tSulh Ceza & Hukuk\t\t\t\t\t\t<\/span>\n\t\t\t\t\t<\/h6>\n\t\t\t\t\n\t\t\t\t\t\t\t\t\t<p class=\"elementor-icon-box-description\">\n\t\t\t\t\t\tSulh Ceza Muhakemeleri ve Sulh Hukuk Muhakemeleri Davalar\u0131\t\t\t\t\t<\/p>\n\t\t\t\t\n\t\t\t<\/div>\n\t\t\t\n\t\t<\/div>\n\t\t\t\t\t\t<\/div>\n\t\t\t\t<\/div>\n\t\t\t\t\t<\/div>\n\t\t<\/div>\n\t\t\t\t\t<\/div>\n\t\t<\/section>\n\t\t\t\t\t<\/div>\n\t\t<\/div>\n\t\t\t\t\t<\/div>\n\t\t<\/section>\n\t\t\t\t<\/div>\n\t\t","protected":false},"excerpt":{"rendered":"<p>36+ Y\u0131ll\u0131k Deneyim Suat Liman Avukatl\u0131k B\u00fcrosu 1989 y\u0131l\u0131nda Avukat Suat Liman taraf\u0131ndan kurulan Suat Liman Hukuk B\u00fcrosu, alan\u0131nda uzman avukatlardan olu\u015fan g\u00fc\u00e7l\u00fc kadrosuyla bireylere ve \u015firketlere kapsaml\u0131 avukatl\u0131k ve hukuki dan\u0131\u015fmanl\u0131k hizmetleri sunmaktad\u0131r. Hukukun farkl\u0131 alanlar\u0131ndaki uzmanl\u0131klar\u0131m\u0131z ve \u00e7\u00f6z\u00fcm odakl\u0131 yakla\u015f\u0131m\u0131m\u0131zla, m\u00fcvekkillerimizin haklar\u0131n\u0131 en \u00fcst d\u00fczeyde korumay\u0131 ama\u00e7l\u0131yoruz. VizyonumuzHukukun \u00fcst\u00fcnl\u00fc\u011f\u00fcn\u00fc ilke edinerek, ulusal ve [&hellip;]<\/p>\n","protected":false},"author":1,"featured_media":0,"parent":0,"menu_order":0,"comment_status":"closed","ping_status":"closed","template":"elementor_theme","meta":{"footnotes":""},"class_list":["post-16","page","type-page","status-publish","hentry"],"_links":{"self":[{"href":"https:\/\/suatliman.com\/index.php\/wp-json\/wp\/v2\/pages\/16","targetHints":{"allow":["GET"]}}],"collection":[{"href":"https:\/\/suatliman.com\/index.php\/wp-json\/wp\/v2\/pages"}],"about":[{"href":"https:\/\/suatliman.com\/index.php\/wp-json\/wp\/v2\/types\/page"}],"author":[{"embeddable":true,"href":"https:\/\/suatliman.com\/index.php\/wp-json\/wp\/v2\/users\/1"}],"replies":[{"embeddable":true,"href":"https:\/\/suatliman.com\/index.php\/wp-json\/wp\/v2\/comments?post=16"}],"version-history":[{"count":22,"href":"https:\/\/suatliman.com\/index.php\/wp-json\/wp\/v2\/pages\/16\/revisions"}],"predecessor-version":[{"id":424,"href":"https:\/\/suatliman.com\/index.php\/wp-json\/wp\/v2\/pages\/16\/revisions\/424"}],"wp:attachment":[{"href":"https:\/\/suatliman.com\/index.php\/wp-json\/wp\/v2\/media?parent=16"}],"curies":[{"name":"wp","href":"https:\/\/api.w.org\/{rel}","templated":true}]}}